{"id":277,"date":"2014-11-11T10:06:04","date_gmt":"2014-11-11T09:06:04","guid":{"rendered":"http:\/\/www.stijena.hr\/?page_id=277"},"modified":"2014-11-25T14:19:56","modified_gmt":"2014-11-25T13:19:56","slug":"eurad","status":"publish","type":"page","link":"https:\/\/www.stijena.hr\/en\/eurad\/","title":{"rendered":"EURAD"},"content":{"rendered":"<p class=\"western\">U 2013. godini udruga Stijena zapo\u010dela je zna\u010dajnu fazu u svom razvijanju, a to je sustavan rad na me\u0111unarodnoj suradnji. Udruga je naime postala dio europske mre\u017ee udruga za borbu protiv ovisnosti EURAD (Europe against drugs) sa sjedi\u0161tem u Bruxellesu.<\/p>\n<p class=\"western\">Formirana je i me\u0111unarodna mre\u017ea rehabilitiranih ovisnika RUN (Recovered users network). Sastanci mre\u017ee se organiziraju jednom do dvaput godi\u0161nje, a s pro\u0161irivanjem aktivnosti i ulaskom u zajedni\u010dke projekte o\u010dekuje se ja\u010de umre\u017eavanje. Osim toga, udruga Stijena u suradnji s udrugama sli\u010dnog profila iz zemalja regije ve\u0107 osam godina sudjeluje u organizaciji me\u0111unarodne konferencije biv\u0161ih ovisnika u Sarajevu.<\/p>\n<p class=\"western\">Neke od tih udruga su tako\u0111er \u010dlanovi RUN-a i EURAD-a. Na\u0161 cilj je oja\u010dati me\u0111unarodne aktivnosti, prenijeti na\u0161a pozitivna iskustva i dobre prakse na druge udruge u regiji i \u0161ire, ali i u\u010diti od drugih.<\/p>\n","protected":false},"excerpt":{"rendered":"<p>U 2013. godini udruga Stijena zapo\u010dela je zna\u010dajnu fazu u svom razvijanju, a to je sustavan rad na me\u0111unarodnoj suradnji. Udruga je naime postala dio europske mre\u017ee udruga za borbu protiv ovisnosti EURAD (Europe against drugs) sa sjedi\u0161tem u Bruxellesu. Formirana je i me\u0111unarodna mre\u017ea rehabilitiranih ovisnika RUN (Recovered users network). Sastanci mre\u017ee se organiziraju [&hellip;]<\/p>\n","protected":false},"author":3,"featured_media":0,"parent":0,"menu_order":0,"comment_status":"closed","ping_status":"closed","template":"","meta":{"footnotes":""},"class_list":["post-277","page","type-page","status-publish","hentry"],"yoast_head":"<!-- This site is optimized with the Yoast SEO plugin v26.6 - https:\/\/yoast.com\/wordpress\/plugins\/seo\/ -->\n<title>EURAD - Kr\u0161\u0107anski centar za pomo\u0107 ovisnicima i njhovim obiteljima<\/title>\n<meta name=\"description\" content=\"EURAD \u2022 Tra\u017eite pomo\u0107 zbog ovisnosti? \u2022 Ured Stijena, Kosirnikova 76, 10 000 Zagreb \u2022 udrugastijena1@gmail.com \u2022 stijena@stijena.hr\" \/>\n<meta name=\"robots\" content=\"index, follow, max-snippet:-1, max-image-preview:large, max-video-preview:-1\" \/>\n<link rel=\"canonical\" href=\"https:\/\/www.stijena.hr\/eurad\/\" \/>\n<meta property=\"og:locale\" content=\"en_US\" \/>\n<meta property=\"og:type\" content=\"article\" \/>\n<meta property=\"og:title\" content=\"EURAD - Kr\u0161\u0107anski centar za pomo\u0107 ovisnicima i njhovim obiteljima\" \/>\n<meta property=\"og:description\" content=\"EURAD \u2022 Tra\u017eite pomo\u0107 zbog ovisnosti? \u2022 Ured Stijena, Kosirnikova 76, 10 000 Zagreb \u2022 udrugastijena1@gmail.com \u2022 stijena@stijena.hr\" \/>\n<meta property=\"og:url\" content=\"https:\/\/www.stijena.hr\/eurad\/\" \/>\n<meta property=\"og:site_name\" content=\"Stijena - Christian Help Center and rehabilitation for drug addicts and their families\" \/>\n<meta property=\"article:publisher\" content=\"https:\/\/www.facebook.com\/udrugastijena\/?fref=ts\" \/>\n<meta property=\"article:modified_time\" content=\"2014-11-25T13:19:56+00:00\" \/>\n<meta name=\"twitter:card\" content=\"summary_large_image\" \/>\n<meta name=\"twitter:label1\" content=\"Est. reading time\" \/>\n\t<meta name=\"twitter:data1\" content=\"1 minute\" \/>\n<script type=\"application\/ld+json\" class=\"yoast-schema-graph\">{\"@context\":\"https:\/\/schema.org\",\"@graph\":[{\"@type\":\"WebPage\",\"@id\":\"https:\/\/www.stijena.hr\/eurad\/\",\"url\":\"https:\/\/www.stijena.hr\/eurad\/\",\"name\":\"EURAD - Kr\u0161\u0107anski centar za pomo\u0107 ovisnicima i njhovim obiteljima\",\"isPartOf\":{\"@id\":\"https:\/\/www.stijena.hr\/#website\"},\"datePublished\":\"2014-11-11T09:06:04+00:00\",\"dateModified\":\"2014-11-25T13:19:56+00:00\",\"description\":\"EURAD \u2022 Tra\u017eite pomo\u0107 zbog ovisnosti? \u2022 Ured Stijena, Kosirnikova 76, 10 000 Zagreb \u2022 udrugastijena1@gmail.com \u2022 stijena@stijena.hr\",\"breadcrumb\":{\"@id\":\"https:\/\/www.stijena.hr\/eurad\/#breadcrumb\"},\"inLanguage\":\"en-US\",\"potentialAction\":[{\"@type\":\"ReadAction\",\"target\":[\"https:\/\/www.stijena.hr\/eurad\/\"]}]},{\"@type\":\"BreadcrumbList\",\"@id\":\"https:\/\/www.stijena.hr\/eurad\/#breadcrumb\",\"itemListElement\":[{\"@type\":\"ListItem\",\"position\":1,\"name\":\"Po\u010detna stranica\",\"item\":\"https:\/\/www.stijena.hr\/\"},{\"@type\":\"ListItem\",\"position\":2,\"name\":\"EURAD\"}]},{\"@type\":\"WebSite\",\"@id\":\"https:\/\/www.stijena.hr\/#website\",\"url\":\"https:\/\/www.stijena.hr\/\",\"name\":\"Stijena - Christian Help Center and rehabilitation for drug addicts and their families\",\"description\":\"Stijena - Christian Help Center and rehabilitation for drug addicts and their families\",\"publisher\":{\"@id\":\"https:\/\/www.stijena.hr\/#organization\"},\"potentialAction\":[{\"@type\":\"SearchAction\",\"target\":{\"@type\":\"EntryPoint\",\"urlTemplate\":\"https:\/\/www.stijena.hr\/?s={search_term_string}\"},\"query-input\":{\"@type\":\"PropertyValueSpecification\",\"valueRequired\":true,\"valueName\":\"search_term_string\"}}],\"inLanguage\":\"en-US\"},{\"@type\":\"Organization\",\"@id\":\"https:\/\/www.stijena.hr\/#organization\",\"name\":\"Stijena\",\"url\":\"https:\/\/www.stijena.hr\/\",\"logo\":{\"@type\":\"ImageObject\",\"inLanguage\":\"en-US\",\"@id\":\"https:\/\/www.stijena.hr\/#\/schema\/logo\/image\/\",\"url\":\"https:\/\/www.stijena.hr\/wp-content\/uploads\/2014\/10\/stijena-logo-png.png\",\"contentUrl\":\"https:\/\/www.stijena.hr\/wp-content\/uploads\/2014\/10\/stijena-logo-png.png\",\"width\":205,\"height\":63,\"caption\":\"Stijena\"},\"image\":{\"@id\":\"https:\/\/www.stijena.hr\/#\/schema\/logo\/image\/\"},\"sameAs\":[\"https:\/\/www.facebook.com\/udrugastijena\/?fref=ts\"]}]}<\/script>\n<!-- \/ Yoast SEO plugin. -->","yoast_head_json":{"title":"EURAD - Kr\u0161\u0107anski centar za pomo\u0107 ovisnicima i njhovim obiteljima","description":"EURAD \u2022 Tra\u017eite pomo\u0107 zbog ovisnosti? \u2022 Ured Stijena, Kosirnikova 76, 10 000 Zagreb \u2022 udrugastijena1@gmail.com \u2022 stijena@stijena.hr","robots":{"index":"index","follow":"follow","max-snippet":"max-snippet:-1","max-image-preview":"max-image-preview:large","max-video-preview":"max-video-preview:-1"},"canonical":"https:\/\/www.stijena.hr\/eurad\/","og_locale":"en_US","og_type":"article","og_title":"EURAD - Kr\u0161\u0107anski centar za pomo\u0107 ovisnicima i njhovim obiteljima","og_description":"EURAD \u2022 Tra\u017eite pomo\u0107 zbog ovisnosti? \u2022 Ured Stijena, Kosirnikova 76, 10 000 Zagreb \u2022 udrugastijena1@gmail.com \u2022 stijena@stijena.hr","og_url":"https:\/\/www.stijena.hr\/eurad\/","og_site_name":"Stijena - Christian Help Center and rehabilitation for drug addicts and their families","article_publisher":"https:\/\/www.facebook.com\/udrugastijena\/?fref=ts","article_modified_time":"2014-11-25T13:19:56+00:00","twitter_card":"summary_large_image","twitter_misc":{"Est. reading time":"1 minute"},"schema":{"@context":"https:\/\/schema.org","@graph":[{"@type":"WebPage","@id":"https:\/\/www.stijena.hr\/eurad\/","url":"https:\/\/www.stijena.hr\/eurad\/","name":"EURAD - Kr\u0161\u0107anski centar za pomo\u0107 ovisnicima i njhovim obiteljima","isPartOf":{"@id":"https:\/\/www.stijena.hr\/#website"},"datePublished":"2014-11-11T09:06:04+00:00","dateModified":"2014-11-25T13:19:56+00:00","description":"EURAD \u2022 Tra\u017eite pomo\u0107 zbog ovisnosti? \u2022 Ured Stijena, Kosirnikova 76, 10 000 Zagreb \u2022 udrugastijena1@gmail.com \u2022 stijena@stijena.hr","breadcrumb":{"@id":"https:\/\/www.stijena.hr\/eurad\/#breadcrumb"},"inLanguage":"en-US","potentialAction":[{"@type":"ReadAction","target":["https:\/\/www.stijena.hr\/eurad\/"]}]},{"@type":"BreadcrumbList","@id":"https:\/\/www.stijena.hr\/eurad\/#breadcrumb","itemListElement":[{"@type":"ListItem","position":1,"name":"Po\u010detna stranica","item":"https:\/\/www.stijena.hr\/"},{"@type":"ListItem","position":2,"name":"EURAD"}]},{"@type":"WebSite","@id":"https:\/\/www.stijena.hr\/#website","url":"https:\/\/www.stijena.hr\/","name":"Stijena - Christian Help Center and rehabilitation for drug addicts and their families","description":"Stijena - Christian Help Center and rehabilitation for drug addicts and their families","publisher":{"@id":"https:\/\/www.stijena.hr\/#organization"},"potentialAction":[{"@type":"SearchAction","target":{"@type":"EntryPoint","urlTemplate":"https:\/\/www.stijena.hr\/?s={search_term_string}"},"query-input":{"@type":"PropertyValueSpecification","valueRequired":true,"valueName":"search_term_string"}}],"inLanguage":"en-US"},{"@type":"Organization","@id":"https:\/\/www.stijena.hr\/#organization","name":"Stijena","url":"https:\/\/www.stijena.hr\/","logo":{"@type":"ImageObject","inLanguage":"en-US","@id":"https:\/\/www.stijena.hr\/#\/schema\/logo\/image\/","url":"https:\/\/www.stijena.hr\/wp-content\/uploads\/2014\/10\/stijena-logo-png.png","contentUrl":"https:\/\/www.stijena.hr\/wp-content\/uploads\/2014\/10\/stijena-logo-png.png","width":205,"height":63,"caption":"Stijena"},"image":{"@id":"https:\/\/www.stijena.hr\/#\/schema\/logo\/image\/"},"sameAs":["https:\/\/www.facebook.com\/udrugastijena\/?fref=ts"]}]}},"_links":{"self":[{"href":"https:\/\/www.stijena.hr\/en\/wp-json\/wp\/v2\/pages\/277","targetHints":{"allow":["GET"]}}],"collection":[{"href":"https:\/\/www.stijena.hr\/en\/wp-json\/wp\/v2\/pages"}],"about":[{"href":"https:\/\/www.stijena.hr\/en\/wp-json\/wp\/v2\/types\/page"}],"author":[{"embeddable":true,"href":"https:\/\/www.stijena.hr\/en\/wp-json\/wp\/v2\/users\/3"}],"replies":[{"embeddable":true,"href":"https:\/\/www.stijena.hr\/en\/wp-json\/wp\/v2\/comments?post=277"}],"version-history":[{"count":2,"href":"https:\/\/www.stijena.hr\/en\/wp-json\/wp\/v2\/pages\/277\/revisions"}],"predecessor-version":[{"id":404,"href":"https:\/\/www.stijena.hr\/en\/wp-json\/wp\/v2\/pages\/277\/revisions\/404"}],"wp:attachment":[{"href":"https:\/\/www.stijena.hr\/en\/wp-json\/wp\/v2\/media?parent=277"}],"curies":[{"name":"wp","href":"https:\/\/api.w.org\/{rel}","templated":true}]}}